{"id":22,"date":"2024-08-13T15:55:51","date_gmt":"2024-08-13T13:55:51","guid":{"rendered":"https:\/\/www.lafabriquedepaysages.com\/?page_id=22"},"modified":"2024-08-23T12:08:55","modified_gmt":"2024-08-23T10:08:55","slug":"entretien","status":"publish","type":"page","link":"https:\/\/www.lafabriquedepaysages.com\/index.php\/entretien\/","title":{"rendered":"Entretien"},"content":{"rendered":"\t\t<div data-elementor-type=\"wp-page\" data-elementor-id=\"22\" class=\"elementor elementor-22\" data-elementor-post-type=\"page\">\n\t\t\t\t<div class=\"elementor-element elementor-element-5c46494 e-con-full e-flex e-con e-parent\" data-id=\"5c46494\" data-element_type=\"container\" data-e-type=\"container\" data-settings=\"{&quot;background_background&quot;:&quot;classic&quot;}\">\n\t\t<div class=\"elementor-element elementor-element-d62af63 e-con-full e-flex e-con e-child\" data-id=\"d62af63\" data-element_type=\"container\" data-e-type=\"container\">\n\t\t<div class=\"elementor-element elementor-element-8273aa1 e-con-full e-flex e-con e-child\" data-id=\"8273aa1\" data-element_type=\"container\" data-e-type=\"container\">\n\t\t<div class=\"elementor-element elementor-element-7ca9da5 e-con-full e-flex e-con e-child\" data-id=\"7ca9da5\" data-element_type=\"container\" data-e-type=\"container\">\n\t\t\t\t<div class=\"elementor-element elementor-element-b6fa449 elementor-widget__width-initial elementor-widget elementor-widget-heading\" data-id=\"b6fa449\" data-element_type=\"widget\" data-e-type=\"widget\" data-widget_type=\"heading.default\">\n\t\t\t\t<div class=\"elementor-widget-container\">\n\t\t\t\t\t<h1 class=\"elementor-heading-title elementor-size-default\">entretien paysager<\/h1>\t\t\t\t<\/div>\n\t\t\t\t<\/div>\n\t\t\t\t<\/div>\n\t\t<div class=\"elementor-element elementor-element-3590e5f e-con-full e-flex e-con e-child\" data-id=\"3590e5f\" data-element_type=\"container\" data-e-type=\"container\">\n\t\t<div class=\"elementor-element elementor-element-81cfdc0 e-con-full e-flex e-con e-child\" data-id=\"81cfdc0\" data-element_type=\"container\" data-e-type=\"container\">\n\t\t\t\t<div class=\"elementor-element elementor-element-5b3bc7d elementor-view-default elementor-widget elementor-widget-icon\" data-id=\"5b3bc7d\" data-element_type=\"widget\" data-e-type=\"widget\" data-widget_type=\"icon.default\">\n\t\t\t\t<div class=\"elementor-widget-container\">\n\t\t\t\t\t\t\t<div class=\"elementor-icon-wrapper\">\n\t\t\t<div class=\"elementor-icon\">\n\t\t\t<svg xmlns=\"http:\/\/www.w3.org\/2000\/svg\" id=\"Calque_2\" viewBox=\"0 0 38 57\"><defs><style>      .cls-1 {        fill: #b7daad;      }    <\/style><\/defs><g id=\"Calque_1-2\" data-name=\"Calque_1\"><g><path class=\"cls-1\" d=\"M19.36,3.74L2.49,28.5l16.87,24.76,16.15-24.76L19.36,3.74ZM25.84,20.17c.64-.68,1.34-1.33,2.01-1.98.05-.05.13-.08.2-.12-1.04,1.7-2.24,3.31-2.75,5.29-.29-1.13-.34-2.25.54-3.18h0ZM17.54,14.13c.61-2.52,1.65-4.89,3.05-7.09.02-.03.07-.04.16-.09-.06.19-.11.32-.15.45-.31,1.13-.66,2.26-.91,3.4-.41,1.96-.2,3.9.29,5.82.34,1.34.76,2.65,1.09,3.99.51,2.13.8,4.3.61,6.5-.13,1.51-.33,3.01-.52,4.51-.04.35-.16.69-.25,1.03-.05-.14-.04-.26-.03-.38.06-1.16.17-2.32.16-3.48-.02-3.31-.57-6.55-1.47-9.74-.68-2.4-.86-4.84-.47-7.32.09-.56.16-1.12.25-1.68,0,.03-.02.05-.03.08-.67,2.13-.88,4.32-.52,6.52.24,1.43.66,2.83,1.06,4.22.76,2.72,1.16,5.49,1.05,8.31-.05,1.26-.15,2.52-.25,3.78-.03.38-.11.76-.16,1.14h-.07c0-.07-.02-.15-.02-.22.08-1.84-.15-3.63-.75-5.37-.47-1.35-1.04-2.67-1.52-4.01-1.2-3.4-1.46-6.86-.61-10.37h0ZM9.57,22.03c.08.05.18.09.25.15,2.9,2.09,5.45,4.49,7.18,7.65,2.08,3.81,2.92,7.8,1.83,12.07-.1.39-.21.79-.31,1.18-.09-.42-.09-.83-.12-1.24-.15-1.64-.87-3.09-1.71-4.47-1.5-2.47-2.53-5.1-3.19-7.89-.35-1.47-.86-2.91-1.31-4.36-.19-.62-.6-1.11-1.07-1.55-.53-.49-1.06-.99-1.58-1.49.01-.02.03-.04.04-.06ZM17.51,43.87c-.21-.66-.4-1.28-.6-1.9-.03,0-.07.02-.1.03.31,1.01.52,2.04.47,3.18-.23-.58-.35-1.11-.63-1.55-.47-.75-.99-1.48-1.57-2.14-1.37-1.55-2.61-3.2-3.52-5.05-.83-1.7-1.52-3.45-2.27-5.18-.02-.05-.02-.11-.03-.17.2.14.33.32.45.5.67,1.06,1.32,2.14,2.02,3.18.68,1.02,1.49,1.93,2.55,2.6.34.22.67.46,1,.71,1.95,1.47,2.38,3.5,2.23,5.8ZM20.48,40.82c-.14.97-.64,1.91-1.18,2.83-.94,1.6-1.11,3.2-.44,4.79.23.53.51,1.05.77,1.57-.03.01-.06.03-.09.04-.24-.34-.49-.68-.72-1.02-1.14-1.67-1.24-3.39-.08-5.19.8-1.23,1.45-2.48,1.65-3.79.02-.14.05-.28.08-.42.03,0,.07,0,.1,0-.03.39-.04.78-.1,1.18h0ZM23.99,36.03c-.69,1.01-1.46,1.98-2.21,2.96-.19.26-.42.49-.63.73.44-2.41,1.5-4.59,2.37-6.83-1.12,2.03-2.13,4.11-2.84,6.32-.01-.11-.03-.22-.04-.33-.11-1.23.03-2.45.3-3.65.35-1.56.88-3.05,1.85-4.37.39-.54.76-1.13.96-1.76.35-1.07.55-2.18.82-3.27.07-.28.13-.57.2-.9.18,2.08.36,4.11.53,6.13.15,1.8-.28,3.47-1.31,4.96h0Z\"><\/path><path class=\"cls-1\" d=\"M19.41,0L0,28.5l19.41,28.5,18.59-28.5L19.41,0ZM19.39,55.07L1.29,28.5,19.39,1.93l17.33,26.57-17.33,26.57h0Z\"><\/path><\/g><\/g><\/svg>\t\t\t<\/div>\n\t\t<\/div>\n\t\t\t\t\t\t<\/div>\n\t\t\t\t<\/div>\n\t\t\t\t<\/div>\n\t\t<div class=\"elementor-element elementor-element-6edf3b6 e-con-full e-flex e-con e-child\" data-id=\"6edf3b6\" data-element_type=\"container\" data-e-type=\"container\">\n\t\t\t\t<div class=\"elementor-element elementor-element-bdd9ff1 elementor-widget__width-initial elementor-widget elementor-widget-text-editor\" data-id=\"bdd9ff1\" data-element_type=\"widget\" data-e-type=\"widget\" data-widget_type=\"text-editor.default\">\n\t\t\t\t<div class=\"elementor-widget-container\">\n\t\t\t\t\t\t\t\t\t<p>Revitalisez et maintenez la splendeur de votre jardin avec notre Service d&rsquo;Entretien Paysager. Nous offrons une gamme compl\u00e8te de soins, incluant la taille de v\u00e9g\u00e9taux, le d\u00e9broussaillage de terrain, l&rsquo;\u00e9lagage des arbres, et la tonte de pelouses, garantissant un espace vert sain et esth\u00e9tiquement agr\u00e9able tout au long de l&rsquo;ann\u00e9e.<\/p>\t\t\t\t\t\t\t\t<\/div>\n\t\t\t\t<\/div>\n\t\t\t\t<\/div>\n\t\t\t\t<\/div>\n\t\t\t\t<\/div>\n\t\t<div class=\"elementor-element elementor-element-018033a e-con-full e-flex e-con e-child\" data-id=\"018033a\" data-element_type=\"container\" data-e-type=\"container\">\n\t\t\t\t<div class=\"elementor-element elementor-element-6e3fb5a elementor-widget elementor-widget-image\" data-id=\"6e3fb5a\" data-element_type=\"widget\" data-e-type=\"widget\" data-widget_type=\"image.default\">\n\t\t\t\t<div class=\"elementor-widget-container\">\n\t\t\t\t\t\t\t\t\t\t\t\t\t\t\t<img fetchpriority=\"high\" decoding=\"async\" width=\"800\" height=\"800\" src=\"https:\/\/www.lafabriquedepaysages.com\/wp-content\/uploads\/2024\/08\/Calque_1-1.png\" class=\"attachment-large size-large wp-image-288\" alt=\"\" srcset=\"https:\/\/www.lafabriquedepaysages.com\/wp-content\/uploads\/2024\/08\/Calque_1-1.png 951w, https:\/\/www.lafabriquedepaysages.com\/wp-content\/uploads\/2024\/08\/Calque_1-1-300x300.png 300w, https:\/\/www.lafabriquedepaysages.com\/wp-content\/uploads\/2024\/08\/Calque_1-1-150x150.png 150w, https:\/\/www.lafabriquedepaysages.com\/wp-content\/uploads\/2024\/08\/Calque_1-1-768x768.png 768w\" sizes=\"(max-width: 800px) 100vw, 800px\" \/>\t\t\t\t\t\t\t\t\t\t\t\t\t\t\t<\/div>\n\t\t\t\t<\/div>\n\t\t\t\t<\/div>\n\t\t\t\t<\/div>\n\t\t\t\t<\/div>\n\t\t<div class=\"elementor-element elementor-element-bbc8880 e-con-full e-flex e-con e-parent\" data-id=\"bbc8880\" data-element_type=\"container\" data-e-type=\"container\">\n\t\t\t\t<div class=\"elementor-element elementor-element-edfa23a elementor-widget-mobile__width-initial elementor-widget elementor-widget-heading\" data-id=\"edfa23a\" data-element_type=\"widget\" data-e-type=\"widget\" data-widget_type=\"heading.default\">\n\t\t\t\t<div class=\"elementor-widget-container\">\n\t\t\t\t\t<h2 class=\"elementor-heading-title elementor-size-default\">NOS PRESTATIONS CL\u00c9S<\/h2>\t\t\t\t<\/div>\n\t\t\t\t<\/div>\n\t\t\t\t<div class=\"elementor-element elementor-element-2eb003c elementor-hidden-desktop elementor-widget elementor-widget-text-editor\" data-id=\"2eb003c\" data-element_type=\"widget\" data-e-type=\"widget\" data-widget_type=\"text-editor.default\">\n\t\t\t\t<div class=\"elementor-widget-container\">\n\t\t\t\t\t\t\t\t\t<p>Tapez pour voir \u2193<\/p>\t\t\t\t\t\t\t\t<\/div>\n\t\t\t\t<\/div>\n\t\t\t\t<\/div>\n\t\t<div class=\"elementor-element elementor-element-b4291bb e-con-full e-flex e-con e-parent\" data-id=\"b4291bb\" data-element_type=\"container\" data-e-type=\"container\">\n\t\t<div class=\"elementor-element elementor-element-b90b79c e-con-full e-flex e-con e-child\" data-id=\"b90b79c\" data-element_type=\"container\" data-e-type=\"container\">\n\t\t\t\t<div class=\"elementor-element elementor-element-ee3b74a elementor-flip-box--effect-fade elementor-widget elementor-widget-flip-box\" data-id=\"ee3b74a\" data-element_type=\"widget\" data-e-type=\"widget\" data-widget_type=\"flip-box.default\">\n\t\t\t\t<div class=\"elementor-widget-container\">\n\t\t\t\t\t\t\t<div class=\"elementor-flip-box\" tabindex=\"0\">\n\t\t\t<div class=\"elementor-flip-box__layer elementor-flip-box__front\">\n\t\t\t\t<div class=\"elementor-flip-box__layer__overlay\">\n\t\t\t\t\t<div class=\"elementor-flip-box__layer__inner\">\n\t\t\t\t\t\t\n\t\t\t\t\t\t\n\t\t\t\t\t\t\t\t\t\t\t<\/div>\n\t\t\t\t<\/div>\n\t\t\t<\/div>\n\t\t\t<div class=\"elementor-flip-box__layer elementor-flip-box__back\">\n\t\t\t<div class=\"elementor-flip-box__layer__overlay\">\n\t\t\t\t<div class=\"elementor-flip-box__layer__inner\">\n\t\t\t\t\t\t\t\t\t\t\t<h3 class=\"elementor-flip-box__layer__title\">\n\t\t\t\t\t\t\tTAILLE PR\u00c9CISE\t\t\t\t\t\t<\/h3>\n\t\t\t\t\t\n\t\t\t\t\t\t\t\t\t\t\t<div class=\"elementor-flip-box__layer__description\">\n\t\t\t\t\t\t\tNotre expertise couvre la taille des v\u00e9g\u00e9taux, massifs, haies, et arbres, assurant forme et vigueur \u00e0 votre v\u00e9g\u00e9tation.\t\t\t\t\t\t<\/div>\n\t\t\t\t\t\n\t\t\t\t\t\t\t\t<\/div>\n\t\t<\/div>\n\t\t<\/div>\n\t\t<\/div>\n\t\t\t\t\t\t<\/div>\n\t\t\t\t<\/div>\n\t\t\t\t<\/div>\n\t\t<div class=\"elementor-element elementor-element-cd82ee4 e-con-full e-flex e-con e-child\" data-id=\"cd82ee4\" data-element_type=\"container\" data-e-type=\"container\">\n\t\t\t\t<div class=\"elementor-element elementor-element-dc50447 elementor-flip-box--effect-fade elementor-widget elementor-widget-flip-box\" data-id=\"dc50447\" data-element_type=\"widget\" data-e-type=\"widget\" data-widget_type=\"flip-box.default\">\n\t\t\t\t<div class=\"elementor-widget-container\">\n\t\t\t\t\t\t\t<div class=\"elementor-flip-box\" tabindex=\"0\">\n\t\t\t<div class=\"elementor-flip-box__layer elementor-flip-box__front\">\n\t\t\t\t<div class=\"elementor-flip-box__layer__overlay\">\n\t\t\t\t\t<div class=\"elementor-flip-box__layer__inner\">\n\t\t\t\t\t\t\n\t\t\t\t\t\t\n\t\t\t\t\t\t\t\t\t\t\t<\/div>\n\t\t\t\t<\/div>\n\t\t\t<\/div>\n\t\t\t<div class=\"elementor-flip-box__layer elementor-flip-box__back\">\n\t\t\t<div class=\"elementor-flip-box__layer__overlay\">\n\t\t\t\t<div class=\"elementor-flip-box__layer__inner\">\n\t\t\t\t\t\t\t\t\t\t\t<h3 class=\"elementor-flip-box__layer__title\">\n\t\t\t\t\t\t\tD\u00c9BROUSSAILLAGE \t\t\t\t\t\t<\/h3>\n\t\t\t\t\t\n\t\t\t\t\t\t\t\t\t\t\t<div class=\"elementor-flip-box__layer__description\">\n\t\t\t\t\t\t\tNous nettoyons votre terrain pour pr\u00e9venir les nuisibles et favoriser la croissance saine de vos plantes.\t\t\t\t\t\t<\/div>\n\t\t\t\t\t\n\t\t\t\t\t\t\t\t<\/div>\n\t\t<\/div>\n\t\t<\/div>\n\t\t<\/div>\n\t\t\t\t\t\t<\/div>\n\t\t\t\t<\/div>\n\t\t\t\t<\/div>\n\t\t<div class=\"elementor-element elementor-element-743802c e-con-full e-flex e-con e-child\" data-id=\"743802c\" data-element_type=\"container\" data-e-type=\"container\">\n\t\t\t\t<div class=\"elementor-element elementor-element-25b6893 elementor-flip-box--effect-fade elementor-widget elementor-widget-flip-box\" data-id=\"25b6893\" data-element_type=\"widget\" data-e-type=\"widget\" data-widget_type=\"flip-box.default\">\n\t\t\t\t<div class=\"elementor-widget-container\">\n\t\t\t\t\t\t\t<div class=\"elementor-flip-box\" tabindex=\"0\">\n\t\t\t<div class=\"elementor-flip-box__layer elementor-flip-box__front\">\n\t\t\t\t<div class=\"elementor-flip-box__layer__overlay\">\n\t\t\t\t\t<div class=\"elementor-flip-box__layer__inner\">\n\t\t\t\t\t\t\n\t\t\t\t\t\t\n\t\t\t\t\t\t\t\t\t\t\t<\/div>\n\t\t\t\t<\/div>\n\t\t\t<\/div>\n\t\t\t<div class=\"elementor-flip-box__layer elementor-flip-box__back\">\n\t\t\t<div class=\"elementor-flip-box__layer__overlay\">\n\t\t\t\t<div class=\"elementor-flip-box__layer__inner\">\n\t\t\t\t\t\t\t\t\t\t\t<h3 class=\"elementor-flip-box__layer__title\">\n\t\t\t\t\t\t\t\u00c9LAGAGE\t\t\t\t\t\t<\/h3>\n\t\t\t\t\t\n\t\t\t\t\t\t\t\t\t\t\t<div class=\"elementor-flip-box__layer__description\">\n\t\t\t\t\t\t\tNos sp\u00e9cialistes prennent soin de vos arbres, am\u00e9liorant leur sant\u00e9 et leur apparence tout en assurant la s\u00e9curit\u00e9 des lieux.\t\t\t\t\t\t<\/div>\n\t\t\t\t\t\n\t\t\t\t\t\t\t\t<\/div>\n\t\t<\/div>\n\t\t<\/div>\n\t\t<\/div>\n\t\t\t\t\t\t<\/div>\n\t\t\t\t<\/div>\n\t\t\t\t<\/div>\n\t\t<div class=\"elementor-element elementor-element-48e1b24 e-con-full e-flex e-con e-child\" data-id=\"48e1b24\" data-element_type=\"container\" data-e-type=\"container\">\n\t\t\t\t<div class=\"elementor-element elementor-element-0744ae0 elementor-flip-box--effect-fade elementor-widget elementor-widget-flip-box\" data-id=\"0744ae0\" data-element_type=\"widget\" data-e-type=\"widget\" data-widget_type=\"flip-box.default\">\n\t\t\t\t<div class=\"elementor-widget-container\">\n\t\t\t\t\t\t\t<div class=\"elementor-flip-box\" tabindex=\"0\">\n\t\t\t<div class=\"elementor-flip-box__layer elementor-flip-box__front\">\n\t\t\t\t<div class=\"elementor-flip-box__layer__overlay\">\n\t\t\t\t\t<div class=\"elementor-flip-box__layer__inner\">\n\t\t\t\t\t\t\n\t\t\t\t\t\t\n\t\t\t\t\t\t\t\t\t\t\t<\/div>\n\t\t\t\t<\/div>\n\t\t\t<\/div>\n\t\t\t<div class=\"elementor-flip-box__layer elementor-flip-box__back\">\n\t\t\t<div class=\"elementor-flip-box__layer__overlay\">\n\t\t\t\t<div class=\"elementor-flip-box__layer__inner\">\n\t\t\t\t\t\t\t\t\t\t\t<h3 class=\"elementor-flip-box__layer__title\">\n\t\t\t\t\t\t\tTONTE\t\t\t\t\t\t<\/h3>\n\t\t\t\t\t\n\t\t\t\t\t\t\t\t\t\t\t<div class=\"elementor-flip-box__layer__description\">\n\t\t\t\t\t\t\tUne pelouse parfaitement entretenue, garantissant une apparence soign\u00e9e et un gazon dense et robuste.\t\t\t\t\t\t<\/div>\n\t\t\t\t\t\n\t\t\t\t\t\t\t\t<\/div>\n\t\t<\/div>\n\t\t<\/div>\n\t\t<\/div>\n\t\t\t\t\t\t<\/div>\n\t\t\t\t<\/div>\n\t\t\t\t<\/div>\n\t\t\t\t<\/div>\n\t\t\t\t<\/div>\n\t\t","protected":false},"excerpt":{"rendered":"<p>entretien paysager Revitalisez et maintenez la splendeur de votre jardin avec notre Service d&rsquo;Entretien Paysager. Nous offrons une gamme compl\u00e8te de soins, incluant la taille de v\u00e9g\u00e9taux, le d\u00e9broussaillage de terrain, l&rsquo;\u00e9lagage des arbres, et la tonte de pelouses, garantissant un espace vert sain et esth\u00e9tiquement agr\u00e9able tout au long de l&rsquo;ann\u00e9e. NOS PRESTATIONS CL\u00c9S [&hellip;]<\/p>\n","protected":false},"author":1,"featured_media":0,"parent":0,"menu_order":0,"comment_status":"closed","ping_status":"closed","template":"","meta":{"footnotes":""},"class_list":["post-22","page","type-page","status-publish","hentry"],"_links":{"self":[{"href":"https:\/\/www.lafabriquedepaysages.com\/index.php\/wp-json\/wp\/v2\/pages\/22","targetHints":{"allow":["GET"]}}],"collection":[{"href":"https:\/\/www.lafabriquedepaysages.com\/index.php\/wp-json\/wp\/v2\/pages"}],"about":[{"href":"https:\/\/www.lafabriquedepaysages.com\/index.php\/wp-json\/wp\/v2\/types\/page"}],"author":[{"embeddable":true,"href":"https:\/\/www.lafabriquedepaysages.com\/index.php\/wp-json\/wp\/v2\/users\/1"}],"replies":[{"embeddable":true,"href":"https:\/\/www.lafabriquedepaysages.com\/index.php\/wp-json\/wp\/v2\/comments?post=22"}],"version-history":[{"count":52,"href":"https:\/\/www.lafabriquedepaysages.com\/index.php\/wp-json\/wp\/v2\/pages\/22\/revisions"}],"predecessor-version":[{"id":501,"href":"https:\/\/www.lafabriquedepaysages.com\/index.php\/wp-json\/wp\/v2\/pages\/22\/revisions\/501"}],"wp:attachment":[{"href":"https:\/\/www.lafabriquedepaysages.com\/index.php\/wp-json\/wp\/v2\/media?parent=22"}],"curies":[{"name":"wp","href":"https:\/\/api.w.org\/{rel}","templated":true}]}}